{"id":463,"date":"2021-08-05T13:46:16","date_gmt":"2021-08-05T13:46:16","guid":{"rendered":"https:\/\/meliores-moments.com\/contact\/"},"modified":"2025-03-25T10:44:36","modified_gmt":"2025-03-25T10:44:36","slug":"contact","status":"publish","type":"page","link":"https:\/\/meliores-moments.com\/en\/contact\/","title":{"rendered":"Contact"},"content":{"rendered":"\n<div class=\"wp-block-columns is-layout-flex wp-container-core-columns-is-layout-9d6595d7 wp-block-columns-is-layout-flex\">\n<div class=\"wp-block-column is-layout-flow wp-block-column-is-layout-flow\">\n<div style=\"padding:15px;\">\n\n<div class=\"wpcf7 no-js\" id=\"wpcf7-f482-o1\" lang=\"en-US\" dir=\"ltr\" data-wpcf7-id=\"482\">\n<div class=\"screen-reader-response\"><p role=\"status\" aria-live=\"polite\" aria-atomic=\"true\"><\/p> <ul><\/ul><\/div>\n<form action=\"\/en\/wp-json\/wp\/v2\/pages\/463#wpcf7-f482-o1\" method=\"post\" class=\"wpcf7-form init\" aria-label=\"Contact form\" novalidate=\"novalidate\" data-status=\"init\">\n<fieldset class=\"hidden-fields-container\"><input type=\"hidden\" name=\"_wpcf7\" value=\"482\" \/><input type=\"hidden\" name=\"_wpcf7_version\" value=\"6.1.5\" \/><input type=\"hidden\" name=\"_wpcf7_locale\" value=\"en_US\" \/><input type=\"hidden\" name=\"_wpcf7_unit_tag\" value=\"wpcf7-f482-o1\" \/><input type=\"hidden\" name=\"_wpcf7_container_post\" value=\"0\" \/><input type=\"hidden\" name=\"_wpcf7_posted_data_hash\" value=\"\" \/>\n<\/fieldset>\n<div class=\"meliores-form\">\n\t<p><label> Name and surname<br \/>\n<span class=\"wpcf7-form-control-wrap\" data-name=\"your-name\"><input size=\"40\" maxlength=\"400\" class=\"wpcf7-form-control wpcf7-text wpcf7-validates-as-required\" aria-required=\"true\" aria-invalid=\"false\" value=\"\" type=\"text\" name=\"your-name\" \/><\/span> <\/label>\n\t<\/p>\n\t<p><label> E-mail<br \/>\n<span class=\"wpcf7-form-control-wrap\" data-name=\"your-email\"><input size=\"40\" maxlength=\"400\" class=\"wpcf7-form-control wpcf7-email wpcf7-validates-as-required wpcf7-text wpcf7-validates-as-email\" aria-required=\"true\" aria-invalid=\"false\" value=\"\" type=\"email\" name=\"your-email\" \/><\/span> <\/label>\n\t<\/p>\n\t<p><label> Message title<br \/>\n<span class=\"wpcf7-form-control-wrap\" data-name=\"your-subject\"><input size=\"40\" maxlength=\"400\" class=\"wpcf7-form-control wpcf7-text wpcf7-validates-as-required\" aria-required=\"true\" aria-invalid=\"false\" value=\"\" type=\"text\" name=\"your-subject\" \/><\/span> <\/label>\n\t<\/p>\n\t<p><label> Your message<br \/>\n<span class=\"wpcf7-form-control-wrap\" data-name=\"your-message\"><textarea cols=\"40\" rows=\"10\" maxlength=\"2000\" class=\"wpcf7-form-control wpcf7-textarea\" aria-invalid=\"false\" name=\"your-message\"><\/textarea><\/span> <\/label>\n\t<\/p>\n\t<p><input class=\"wpcf7-form-control wpcf7-submit has-spinner\" type=\"submit\" value=\"Send\" \/>\n\t<\/p>\n<\/div><div class=\"wpcf7-response-output\" aria-hidden=\"true\"><\/div>\n<\/form>\n<\/div>\n\n<\/div>\n<\/div>\n\n\n\n<div class=\"wp-block-column has-white-background-color has-background is-layout-flow wp-block-column-is-layout-flow\">\n<iframe src=\"https:\/\/www.google.com\/maps\/embed?pb=!1m18!1m12!1m3!1d33468.38920102994!2d14.636301854217681!3d45.15122914423201!2m3!1f0!2f0!3f0!3m2!1i1024!2i768!4f13.1!3m3!1m2!1s0x0%3A0x4e18340391ea077b!2sMacao%20Bistro%26Catering!5e0!3m2!1sen!2shr!4v1628189082008!5m2!1sen!2shr\" width=\"100%\" height=\"100%\" style=\"border:0;\" allowfullscreen=\"\" loading=\"lazy\"><\/iframe>\n<\/div>\n<\/div>\n\n\n\n<div class=\"wp-block-columns is-layout-flex wp-container-core-columns-is-layout-9d6595d7 wp-block-columns-is-layout-flex\">\n<div class=\"wp-block-column is-layout-flow wp-block-column-is-layout-flow\">\n<div class=\"wp-block-columns alignfull is-layout-flex wp-container-core-columns-is-layout-9d6595d7 wp-block-columns-is-layout-flex\">\n<div class=\"wp-block-column kontakt-box is-layout-flow wp-block-column-is-layout-flow\">\n<p class=\"has-text-align-center\"><strong>Meliores Rooms &amp; Restaurant<\/strong><\/p>\n\n\n\n<p class=\"has-text-align-center\">Jesenovice 8, 51515 \u0160ilo<\/p>\n\n\n\n<p class=\"has-text-align-center\"><a href=\"OIB:%2049335561849\">meliores.recepcia@gmail.com<\/a><\/p>\n\n\n\n<p class=\"has-text-align-center\"><strong>Macao \u0160ilo doo<\/strong><\/p>\n\n\n\n<p class=\"has-text-align-center\">Nova Cesta 3, 51515 \u0160ilo<\/p>\n\n\n\n<p class=\"has-text-align-center\">OIB: 52243747988<\/p>\n\n\n\n<p class=\"has-text-align-center\">Contact: +385 99 215 8500<\/p>\n<\/div>\n<\/div>\n<\/div>\n<\/div>\n","protected":false},"excerpt":{"rendered":"<p>Meliores Rooms &amp; Restaurant Jesenovice 8, 51515 \u0160ilo meliores.recepcia@gmail.com Macao \u0160ilo doo Nova Cesta 3, 51515 \u0160ilo OIB: 52243747988 Contact: +385 99 215 8500<\/p>\n","protected":false},"author":1,"featured_media":0,"parent":0,"menu_order":0,"comment_status":"closed","ping_status":"closed","template":"","meta":{"footnotes":""},"class_list":["post-463","page","type-page","status-publish","hentry","entry"],"yoast_head":"<!-- This site is optimized with the Yoast SEO plugin v27.0 - https:\/\/yoast.com\/product\/yoast-seo-wordpress\/ -->\n<title>Contact - We offer you meliores moments<\/title>\n<meta name=\"robots\" content=\"index, follow, max-snippet:-1, max-image-preview:large, max-video-preview:-1\" \/>\n<link rel=\"canonical\" href=\"https:\/\/meliores-moments.com\/en\/contact\/\" \/>\n<meta property=\"og:locale\" content=\"en_US\" \/>\n<meta property=\"og:type\" content=\"article\" \/>\n<meta property=\"og:title\" content=\"Contact - We offer you meliores moments\" \/>\n<meta property=\"og:description\" content=\"Meliores Rooms &amp; Restaurant Jesenovice 8, 51515 \u0160ilo meliores.recepcia@gmail.com Macao \u0160ilo doo Nova Cesta 3, 51515 \u0160ilo OIB: 52243747988 Contact: +385 99 215 8500\" \/>\n<meta property=\"og:url\" content=\"https:\/\/meliores-moments.com\/en\/contact\/\" \/>\n<meta property=\"og:site_name\" content=\"We offer you meliores moments\" \/>\n<meta property=\"article:modified_time\" content=\"2025-03-25T10:44:36+00:00\" \/>\n<meta name=\"twitter:card\" content=\"summary_large_image\" \/>\n<meta name=\"twitter:label1\" content=\"Est. reading time\" \/>\n\t<meta name=\"twitter:data1\" content=\"1 minute\" \/>\n<script type=\"application\/ld+json\" class=\"yoast-schema-graph\">{\"@context\":\"https:\/\/schema.org\",\"@graph\":[{\"@type\":\"WebPage\",\"@id\":\"https:\/\/meliores-moments.com\/en\/contact\/\",\"url\":\"https:\/\/meliores-moments.com\/en\/contact\/\",\"name\":\"Contact - We offer you meliores moments\",\"isPartOf\":{\"@id\":\"https:\/\/meliores-moments.com\/en\/#website\"},\"datePublished\":\"2021-08-05T13:46:16+00:00\",\"dateModified\":\"2025-03-25T10:44:36+00:00\",\"breadcrumb\":{\"@id\":\"https:\/\/meliores-moments.com\/en\/contact\/#breadcrumb\"},\"inLanguage\":\"en-US\",\"potentialAction\":[{\"@type\":\"ReadAction\",\"target\":[\"https:\/\/meliores-moments.com\/en\/contact\/\"]}]},{\"@type\":\"BreadcrumbList\",\"@id\":\"https:\/\/meliores-moments.com\/en\/contact\/#breadcrumb\",\"itemListElement\":[{\"@type\":\"ListItem\",\"position\":1,\"name\":\"Po\u010detna stranica\",\"item\":\"https:\/\/meliores-moments.com\/en\/\"},{\"@type\":\"ListItem\",\"position\":2,\"name\":\"Contact\"}]},{\"@type\":\"WebSite\",\"@id\":\"https:\/\/meliores-moments.com\/en\/#website\",\"url\":\"https:\/\/meliores-moments.com\/en\/\",\"name\":\"We offer you meliores moments\",\"description\":\"Meliores Restaurant and Rooms\",\"publisher\":{\"@id\":\"https:\/\/meliores-moments.com\/en\/#organization\"},\"potentialAction\":[{\"@type\":\"SearchAction\",\"target\":{\"@type\":\"EntryPoint\",\"urlTemplate\":\"https:\/\/meliores-moments.com\/en\/?s={search_term_string}\"},\"query-input\":{\"@type\":\"PropertyValueSpecification\",\"valueRequired\":true,\"valueName\":\"search_term_string\"}}],\"inLanguage\":\"en-US\"},{\"@type\":\"Organization\",\"@id\":\"https:\/\/meliores-moments.com\/en\/#organization\",\"name\":\"We offer you meliores moments\",\"url\":\"https:\/\/meliores-moments.com\/en\/\",\"logo\":{\"@type\":\"ImageObject\",\"inLanguage\":\"en-US\",\"@id\":\"https:\/\/meliores-moments.com\/en\/#\/schema\/logo\/image\/\",\"url\":\"https:\/\/meliores-moments.com\/wp-content\/uploads\/2021\/08\/logo-web2.fw_-2.png\",\"contentUrl\":\"https:\/\/meliores-moments.com\/wp-content\/uploads\/2021\/08\/logo-web2.fw_-2.png\",\"width\":300,\"height\":100,\"caption\":\"We offer you meliores moments\"},\"image\":{\"@id\":\"https:\/\/meliores-moments.com\/en\/#\/schema\/logo\/image\/\"}}]}<\/script>\n<!-- \/ Yoast SEO plugin. -->","yoast_head_json":{"title":"Contact - We offer you meliores moments","robots":{"index":"index","follow":"follow","max-snippet":"max-snippet:-1","max-image-preview":"max-image-preview:large","max-video-preview":"max-video-preview:-1"},"canonical":"https:\/\/meliores-moments.com\/en\/contact\/","og_locale":"en_US","og_type":"article","og_title":"Contact - We offer you meliores moments","og_description":"Meliores Rooms &amp; Restaurant Jesenovice 8, 51515 \u0160ilo meliores.recepcia@gmail.com Macao \u0160ilo doo Nova Cesta 3, 51515 \u0160ilo OIB: 52243747988 Contact: +385 99 215 8500","og_url":"https:\/\/meliores-moments.com\/en\/contact\/","og_site_name":"We offer you meliores moments","article_modified_time":"2025-03-25T10:44:36+00:00","twitter_card":"summary_large_image","twitter_misc":{"Est. reading time":"1 minute"},"schema":{"@context":"https:\/\/schema.org","@graph":[{"@type":"WebPage","@id":"https:\/\/meliores-moments.com\/en\/contact\/","url":"https:\/\/meliores-moments.com\/en\/contact\/","name":"Contact - We offer you meliores moments","isPartOf":{"@id":"https:\/\/meliores-moments.com\/en\/#website"},"datePublished":"2021-08-05T13:46:16+00:00","dateModified":"2025-03-25T10:44:36+00:00","breadcrumb":{"@id":"https:\/\/meliores-moments.com\/en\/contact\/#breadcrumb"},"inLanguage":"en-US","potentialAction":[{"@type":"ReadAction","target":["https:\/\/meliores-moments.com\/en\/contact\/"]}]},{"@type":"BreadcrumbList","@id":"https:\/\/meliores-moments.com\/en\/contact\/#breadcrumb","itemListElement":[{"@type":"ListItem","position":1,"name":"Po\u010detna stranica","item":"https:\/\/meliores-moments.com\/en\/"},{"@type":"ListItem","position":2,"name":"Contact"}]},{"@type":"WebSite","@id":"https:\/\/meliores-moments.com\/en\/#website","url":"https:\/\/meliores-moments.com\/en\/","name":"We offer you meliores moments","description":"Meliores Restaurant and Rooms","publisher":{"@id":"https:\/\/meliores-moments.com\/en\/#organization"},"potentialAction":[{"@type":"SearchAction","target":{"@type":"EntryPoint","urlTemplate":"https:\/\/meliores-moments.com\/en\/?s={search_term_string}"},"query-input":{"@type":"PropertyValueSpecification","valueRequired":true,"valueName":"search_term_string"}}],"inLanguage":"en-US"},{"@type":"Organization","@id":"https:\/\/meliores-moments.com\/en\/#organization","name":"We offer you meliores moments","url":"https:\/\/meliores-moments.com\/en\/","logo":{"@type":"ImageObject","inLanguage":"en-US","@id":"https:\/\/meliores-moments.com\/en\/#\/schema\/logo\/image\/","url":"https:\/\/meliores-moments.com\/wp-content\/uploads\/2021\/08\/logo-web2.fw_-2.png","contentUrl":"https:\/\/meliores-moments.com\/wp-content\/uploads\/2021\/08\/logo-web2.fw_-2.png","width":300,"height":100,"caption":"We offer you meliores moments"},"image":{"@id":"https:\/\/meliores-moments.com\/en\/#\/schema\/logo\/image\/"}}]}},"_links":{"self":[{"href":"https:\/\/meliores-moments.com\/en\/wp-json\/wp\/v2\/pages\/463","targetHints":{"allow":["GET"]}}],"collection":[{"href":"https:\/\/meliores-moments.com\/en\/wp-json\/wp\/v2\/pages"}],"about":[{"href":"https:\/\/meliores-moments.com\/en\/wp-json\/wp\/v2\/types\/page"}],"author":[{"embeddable":true,"href":"https:\/\/meliores-moments.com\/en\/wp-json\/wp\/v2\/users\/1"}],"replies":[{"embeddable":true,"href":"https:\/\/meliores-moments.com\/en\/wp-json\/wp\/v2\/comments?post=463"}],"version-history":[{"count":0,"href":"https:\/\/meliores-moments.com\/en\/wp-json\/wp\/v2\/pages\/463\/revisions"}],"wp:attachment":[{"href":"https:\/\/meliores-moments.com\/en\/wp-json\/wp\/v2\/media?parent=463"}],"curies":[{"name":"wp","href":"https:\/\/api.w.org\/{rel}","templated":true}]}}